{"id":1182,"date":"2015-06-15T12:28:50","date_gmt":"2015-06-15T10:28:50","guid":{"rendered":"http:\/\/www.upc.edu\/cau\/blog\/?page_id=1182"},"modified":"2016-01-29T16:29:55","modified_gmt":"2016-01-29T14:29:55","slug":"pagues-extra-2013-14-demanda-i-dedicatoria","status":"publish","type":"page","link":"https:\/\/www.upc.edu\/cau\/blog\/?page_id=1182","title":{"rendered":"Pagues extra 2013-14, demanda i dedicat\u00f2ria"},"content":{"rendered":"<div align=\"right\"><b><span style=\"font-family: Arial; font-size: small;\">Nota informativa CAU-IAC de la UPC. Barcelona, 10 de juny de 2015. cau@upc.edu<\/span><\/b><\/div>\n<p><span style=\"font-family: Arial; font-size: medium;\">Benvolgudes i benvolguts,<\/span><span style=\"font-size: medium;\">\u00a0<\/span><br \/>\n<span style=\"font-family: Arial; font-size: medium;\">\u00a0<\/span><span style=\"font-size: medium;\">\u00a0<\/span><br \/>\n<span style=\"font-family: Arial; font-size: medium;\">Us facilitem informaci\u00f3 d\u2019unes q\u00fcestions que poden ser del vostre inter\u00e8s.<\/span><span style=\"font-size: medium;\">\u00a0<\/span><br \/>\n<span style=\"font-family: Calibri; font-size: large;\">\u00a0<\/span><span style=\"font-size: medium;\">\u00a0<\/span><br \/>\n<b><span style=\"font-family: Arial; font-size: large;\">PAGUES EXTRES 2013 I 2014<\/span><\/b><span style=\"font-size: medium;\">\u00a0<\/span><br \/>\n<span style=\"font-family: Arial; font-size: medium;\">\u00a0 <\/span><span style=\"font-size: medium;\">\u00a0<\/span><br \/>\n<span style=\"font-family: Arial; font-size: medium;\">El Tribunal Superior de Just\u00edcia de Catalunya ha estimat en part el conflicte col\u00b7lectiu que el CAU va presentar per la retallada de les pagues extres de 2013 i 2014 del PAS laboral. Com calia esperar, el TSJC estima que la UPC ens ha de retornar la part meritada de les pagues extres de 2013 i 2014 dintre d\u2019uns per\u00edodes determinats. A tall d\u2019exemple us podem dir que al personal laboral de la Generalitat li van recon\u00e8ixer el 16,67% de la paga extra del 2013 i un 8,33% de la del 2014. Farem els n\u00fameros perqu\u00e8 puguem tenir una idea m\u00e9s concreta del que suposa la sent\u00e8ncia que podeu consultar fent clic <\/span><a href=\"http:\/\/www.upc.edu\/cau\/blog\/wp-content\/uploads\/2015\/06\/Sentencia-pagues-2013-14.pdf\" target=\"_blank\"><u><span style=\"color: #0000ff; font-family: sans-serif; font-size: medium;\">Sent\u00e8ncia pagues 2013-14 CAU<\/span><\/u><\/a><span style=\"font-size: medium;\">\u00a0<\/span><\/p>\n<p><b><span style=\"font-family: Arial; font-size: large;\">DEMANDA PELS DRETS MERITATS DE LES PAGUES EXTRES DE 2013<\/span><\/b><span style=\"font-size: medium;\">\u00a0<\/span><\/p>\n<p><span style=\"font-family: Arial; font-size: medium;\">En diferents ocasions us hem informat que amb la signatura del VI conveni, on es recull l\u2019eliminaci\u00f3 d\u2019una paga extra i el canvi del sistema de meritaci\u00f3 de les pagues extres, la UPC s\u2019havia apropiat indegudament al voltant de m\u00e9s d\u2019un mili\u00f3 d\u2019euros de la massa salarial del PAS laboral. Aquesta apropiaci\u00f3 indeguda es produeix quan la UPC no liquida la part meritada de les pagues extres de juny i setembre del 2013 en el moment oport\u00fa: desembre de 2013 o juny i setembre de 2014.<\/span><span style=\"font-size: medium;\">\u00a0<\/span><\/p>\n<p><span style=\"font-family: Arial; font-size: medium;\">Al mes d\u2019octubre de 2014, les universitats i els sindicats CCOO i UGT signen un acord sense el vistiplau del PAS laboral en el que decideixen que els drets meritats de les pagues extres de 2013 es realitzar\u00e0 en el moment que es produeixi la liquidaci\u00f3 del contracte, ja sigui per acomiadament, jubilaci\u00f3, defunci\u00f3, etc. Com sabeu perfectament el CAU ha estat sempre en contra de l\u2019acord, i al passat mes de mar\u00e7 vam iniciar el procediment de conflicte col\u00b7lectiu que aquesta setmana ha estat ratificat davant del Tribunal Superior de Just\u00edcia de Catalunya amb la corresponent demanda contra la UPC, CCOO i UGT. Continuarem \u00a0informant-vos.<\/span><span style=\"font-size: medium;\">\u00a0<\/span><\/p>\n<p><b><span style=\"font-family: Arial; font-size: medium;\">DEDICAT\u00d2RIA<\/span><\/b><span style=\"font-size: medium;\">\u00a0<\/span><\/p>\n<p><span style=\"font-family: Arial; font-size: medium;\">Li dediquem unes paraules al cap de llista de l\u2019UGT.<\/span><span style=\"font-size: medium;\">\u00a0<\/span><\/p>\n<p><span style=\"font-family: Arial; font-size: medium;\">Si ens baixen el sou, ens augmenten les hores, ens redueixen les pagues i treuen els drets laborals i socials, que siguin els governants qui ho facin , per\u00f2 no podem signar cap acord fruit de la t\u00e0ctica de la por. Per just\u00edcia, per dignitat i per coher\u00e8ncia no podem signar cap retallada dels drets que tant ha costat aconseguir. No s\u2019han depurat responsabilitats a aquells que han provocat amb la seva mala gesti\u00f3 un endeutament a la universitat, i a les administracions p\u00fabliques, fent el joc a d\u2019altres que s\u2019enriquien de manera fraudulenta i corrupta, mentre es prestaven molts diners p\u00fablics als bancs que no recuperarem \u00a0(no han deixat de tenir milionaris beneficis). Que signin ells les retallades, per\u00f2 no amb la nostra complicitat. Exigim que es retornin els diners malversats (on s\u00f3n els resultats de les auditories?) i que es lluiti contra el frau i l\u2019espoli dels diners p\u00fablics.<\/span><span style=\"font-size: medium;\">\u00a0<\/span><br \/>\n<span style=\"font-family: Arial; font-size: medium;\">Molts dels responsables d\u2019aquesta mala gesti\u00f3 s\u00f3n els que a trav\u00e9s de la t\u00e0ctica de la por ens fan creure que som els de baix els que ens hem de sacrificar per sortir de la seva crisi-estafa. \u00c9s per aix\u00f2 que el CAU no vol ser c\u00f2mplice de les pol\u00edtiques de la por i signar retallades ni acords que d\u2019altres ens v\u00e9nen com la menys dolenta de les opcions. No cal caure en la submissi\u00f3 als poderosos, ni cal vendre un mal acord com la millor opci\u00f3 dintre de la crisi, cal la defensa ferma, cr\u00edtica i tena\u00e7 dels drets merescuts i conquerits amb treball i lluita durant molts anys. Llegiu l\u2019article <\/span><a href=\"http:\/\/www.upc.edu\/cau\/blog\/?p=1150\" target=\"_blank\"><u><span style=\"color: #0000ff; font-family: Arial; font-size: medium;\">A qui beneficia ser pactista i signar-ho tot?<\/span><\/u><\/a><span style=\"font-size: medium;\">\u00a0<\/span><\/p>\n","protected":false},"excerpt":{"rendered":"<p>Nota informativa CAU-IAC de la UPC. Barcelona, 10 de juny de 2015. cau@upc.edu Benvolgudes i benvolguts,\u00a0 \u00a0\u00a0 Us facilitem informaci\u00f3 d\u2019unes q\u00fcestions que poden ser del vostre inter\u00e8s.\u00a0 \u00a0\u00a0 PAGUES EXTRES 2013 I 2014\u00a0 \u00a0 \u00a0 El Tribunal Superior de Just\u00edcia de Catalunya ha estimat en part el conflicte col\u00b7lectiu que el CAU va presentar [&hellip;]<\/p>\n","protected":false},"author":5,"featured_media":0,"parent":969,"menu_order":3,"comment_status":"closed","ping_status":"open","template":"","meta":{"_s2mail":"yes"},"_links":{"self":[{"href":"https:\/\/www.upc.edu\/cau\/blog\/index.php?rest_route=\/wp\/v2\/pages\/1182"}],"collection":[{"href":"https:\/\/www.upc.edu\/cau\/blog\/index.php?rest_route=\/wp\/v2\/pages"}],"about":[{"href":"https:\/\/www.upc.edu\/cau\/blog\/index.php?rest_route=\/wp\/v2\/types\/page"}],"author":[{"embeddable":true,"href":"https:\/\/www.upc.edu\/cau\/blog\/index.php?rest_route=\/wp\/v2\/users\/5"}],"replies":[{"embeddable":true,"href":"https:\/\/www.upc.edu\/cau\/blog\/index.php?rest_route=%2Fwp%2Fv2%2Fcomments&post=1182"}],"version-history":[{"count":4,"href":"https:\/\/www.upc.edu\/cau\/blog\/index.php?rest_route=\/wp\/v2\/pages\/1182\/revisions"}],"predecessor-version":[{"id":1409,"href":"https:\/\/www.upc.edu\/cau\/blog\/index.php?rest_route=\/wp\/v2\/pages\/1182\/revisions\/1409"}],"up":[{"embeddable":true,"href":"https:\/\/www.upc.edu\/cau\/blog\/index.php?rest_route=\/wp\/v2\/pages\/969"}],"wp:attachment":[{"href":"https:\/\/www.upc.edu\/cau\/blog\/index.php?rest_route=%2Fwp%2Fv2%2Fmedia&parent=1182"}],"curies":[{"name":"wp","href":"https:\/\/api.w.org\/{rel}","templated":true}]}}