{"id":1186,"date":"2015-06-18T17:15:26","date_gmt":"2015-06-18T15:15:26","guid":{"rendered":"http:\/\/www.upc.edu\/cau\/blog\/?page_id=1186"},"modified":"2015-06-18T17:16:21","modified_gmt":"2015-06-18T15:16:21","slug":"impugnacio-vie-conveni","status":"publish","type":"page","link":"https:\/\/www.upc.edu\/cau\/blog\/?page_id=1186","title":{"rendered":"IMPUGNACI\u00d3 VI\u00e8 CONVENI"},"content":{"rendered":"<p>Nota informativa CAU-IAC de la UPC. Barcelona, 18 de juny de 2015. cau@upc.edu<\/p>\n<h3>LA GENERALITAT IMPUGNA EL VI\u00e8 CONVENI DEL PASL UNIVERSITATS.<\/h3>\n<p>La den\u00fancia del VI conveni per part de la Generalitat estava cantada. Els sindicats CCOO i UGT esperaven que signant tres vegades el VI conveni (5-6-2013, 3-12-2014 i 9-3-2015) en el que acceptaven temporalment la retallada dels drets dels seus propis companys i companyes, podrien obtenir la bula de la Generalitat fins que un miracle ens retornes els drets recollits en el V conveni.<\/p>\n<p>Que et retallin \u00e9s una desgr\u00e0cia, que pactis una retallada \u00e9s una imprud\u00e8ncia, que la retallada la pactis fins a tres vegades \u00e9s una bogeria, per\u00f2 si a sobre et denuncien, \u00e9s per sentir-se un heroi o un ximple. El problema \u00e9s que les possibles hero\u00efcitats o ximpleries les estem pagant el PAS laboral de la UPC i el de les altres universitats; de moment:<\/p>\n<p>&#8211; \u00a0 \u00a0 \u00a0 \u00a0 Ens deuen quasi un mili\u00f3 d\u2019euros per la liquidaci\u00f3 de la part meritada de les pagues extres del 2013, fet que ja tenim denunciat en el TSJC.<\/p>\n<p>&#8211; \u00a0 \u00a0 \u00a0 \u00a0 Ens deuen el 0,3 % de gener a maig del 2010 i de la paga extra de juny del mateix any, perqu\u00e8 els signants del VI conveni van acordar que no es fes efectiu fins que no es publiqui el conveni (transit\u00f2ria primera del VI conveni).<\/p>\n<p>Les repercussions reals de la den\u00fancia de la Generalitat sobre el VI conveni les haurem d\u2019estudiar amb una mica de tranquil\u00b7litat. Per\u00f2 d\u2019entrada nosaltres entenem que seria una ximpleria mobilitzar-se per defensar un conveni col\u00b7lectiu retallat pels mateixos sindicats signants. Aquesta situaci\u00f3 es podria haver evitat si una vegada denunciat el V conveni l\u2019hagu\u00e9ssim mantingut vigent utilitzant la cl\u00e0usula d\u2019ultra activitat, com ha sentenciat el Tribunal Suprem. \u00a0Podeu llegir l\u2019article en el nostre Blog: <strong><a href=\"http:\/\/www.upc.edu\/cau\/blog\/?p=1060\" target=\"_blank\">Era necessari signar el 6\u00e8 conveni PASL? \u00a0 Afirmem que no.<\/a><\/strong><\/p>\n<p>Us anirem informant.<\/p>\n","protected":false},"excerpt":{"rendered":"<p>Nota informativa CAU-IAC de la UPC. Barcelona, 18 de juny de 2015. cau@upc.edu LA GENERALITAT IMPUGNA EL VI\u00e8 CONVENI DEL PASL UNIVERSITATS. La den\u00fancia del VI conveni per part de la Generalitat estava cantada. Els sindicats CCOO i UGT esperaven que signant tres vegades el VI conveni (5-6-2013, 3-12-2014 i 9-3-2015) en el que acceptaven [&hellip;]<\/p>\n","protected":false},"author":5,"featured_media":0,"parent":969,"menu_order":4,"comment_status":"closed","ping_status":"open","template":"","meta":{"_s2mail":"no"},"_links":{"self":[{"href":"https:\/\/www.upc.edu\/cau\/blog\/index.php?rest_route=\/wp\/v2\/pages\/1186"}],"collection":[{"href":"https:\/\/www.upc.edu\/cau\/blog\/index.php?rest_route=\/wp\/v2\/pages"}],"about":[{"href":"https:\/\/www.upc.edu\/cau\/blog\/index.php?rest_route=\/wp\/v2\/types\/page"}],"author":[{"embeddable":true,"href":"https:\/\/www.upc.edu\/cau\/blog\/index.php?rest_route=\/wp\/v2\/users\/5"}],"replies":[{"embeddable":true,"href":"https:\/\/www.upc.edu\/cau\/blog\/index.php?rest_route=%2Fwp%2Fv2%2Fcomments&post=1186"}],"version-history":[{"count":1,"href":"https:\/\/www.upc.edu\/cau\/blog\/index.php?rest_route=\/wp\/v2\/pages\/1186\/revisions"}],"predecessor-version":[{"id":1187,"href":"https:\/\/www.upc.edu\/cau\/blog\/index.php?rest_route=\/wp\/v2\/pages\/1186\/revisions\/1187"}],"up":[{"embeddable":true,"href":"https:\/\/www.upc.edu\/cau\/blog\/index.php?rest_route=\/wp\/v2\/pages\/969"}],"wp:attachment":[{"href":"https:\/\/www.upc.edu\/cau\/blog\/index.php?rest_route=%2Fwp%2Fv2%2Fmedia&parent=1186"}],"curies":[{"name":"wp","href":"https:\/\/api.w.org\/{rel}","templated":true}]}}