{"id":1194,"date":"2015-06-30T10:40:18","date_gmt":"2015-06-30T08:40:18","guid":{"rendered":"http:\/\/www.upc.edu\/cau\/blog\/?page_id=1194"},"modified":"2024-02-27T16:22:29","modified_gmt":"2024-02-27T14:22:29","slug":"el-cau-al-cepasl","status":"publish","type":"page","link":"https:\/\/www.upc.edu\/cau\/blog\/?page_id=1194","title":{"rendered":"El CAU al CEPASL"},"content":{"rendered":"<p>Actualment (2023-2024) el CAU-UPC no t\u00e9 representaci\u00f3 al Comit\u00e9 d&#8217;Empresa PTGAS-L de la UPC perqu\u00e8 no va conc\u00f3rrer a les eleccions sindicals del 2023 : <a href=\"https:\/\/www.upc.edu\/cau\/blog\/?p=2893\">Missatge CAU-UPC mar\u00e7 2023.<\/a><\/p>\n<p><strong>Ex-MEMBRES COMIT\u00c9 D&#8217;EMPRESA 2019-2023<\/strong><\/p>\n<p>BERNAD PA\u00d1ELLA, Camilo \u00a0 \u00a0camilo.bernad@upc.edu EPSEVG Telf: 93 4016519<\/p>\n<p>MARTIN LLACH, N\u00faria\u00a0 nuria.martin@upc.edu\u00a0 ETSECCPB\u00a0\u00a0 Telf:\u00a0 93 4016900<\/p>\n<p>MARTIN MORILLA, Javier\u00a0\u00a0 javier.martin@upc.edu ETSEIB\u00a0 Telf:\u00a0 93 4016544<\/p>\n<p>PARRA MIGUEL, Albert \u00a0albert.parra.miguel@upc.edu Biblioteca Rector Gabriel Ferrat\u00e9 Telf: 93 4017490<\/p>\n<p>SEGURA RUIZ, Ricardo\u00a0\u00a0 ricardo.segura@upc.edu\u00a0 ETSEIB\u00a0 Telf: 93 4016719<\/p>\n<p>VIVES CASAS, Maria N\u00faria,\u00a0 nvives@mmt.upc.edu\u00a0\u00a0 ETSEIB\u00a0 Telf: 93 4015900<\/p>\n<p><strong>DELEGAT:<\/strong><\/p>\n<p>CALM MEDINA, Jordi \u00a0 jordi.calm@upc.edu\u00a0 Biblioteca Campus Baix Llobregat\u00a0 Telf: 93 5523544<\/p>\n","protected":false},"excerpt":{"rendered":"<p>Actualment (2023-2024) el CAU-UPC no t\u00e9 representaci\u00f3 al Comit\u00e9 d&#8217;Empresa PTGAS-L de la UPC perqu\u00e8 no va conc\u00f3rrer a les eleccions sindicals del 2023 : Missatge CAU-UPC mar\u00e7 2023. Ex-MEMBRES COMIT\u00c9 D&#8217;EMPRESA 2019-2023 BERNAD PA\u00d1ELLA, Camilo \u00a0 \u00a0camilo.bernad@upc.edu EPSEVG Telf: 93 4016519 MARTIN LLACH, N\u00faria\u00a0 nuria.martin@upc.edu\u00a0 ETSECCPB\u00a0\u00a0 Telf:\u00a0 93 4016900 MARTIN MORILLA, Javier\u00a0\u00a0 javier.martin@upc.edu ETSEIB\u00a0 [&hellip;]<\/p>\n","protected":false},"author":1,"featured_media":0,"parent":0,"menu_order":0,"comment_status":"closed","ping_status":"open","template":"","meta":{"_s2mail":"yes"},"_links":{"self":[{"href":"https:\/\/www.upc.edu\/cau\/blog\/index.php?rest_route=\/wp\/v2\/pages\/1194"}],"collection":[{"href":"https:\/\/www.upc.edu\/cau\/blog\/index.php?rest_route=\/wp\/v2\/pages"}],"about":[{"href":"https:\/\/www.upc.edu\/cau\/blog\/index.php?rest_route=\/wp\/v2\/types\/page"}],"author":[{"embeddable":true,"href":"https:\/\/www.upc.edu\/cau\/blog\/index.php?rest_route=\/wp\/v2\/users\/1"}],"replies":[{"embeddable":true,"href":"https:\/\/www.upc.edu\/cau\/blog\/index.php?rest_route=%2Fwp%2Fv2%2Fcomments&post=1194"}],"version-history":[{"count":8,"href":"https:\/\/www.upc.edu\/cau\/blog\/index.php?rest_route=\/wp\/v2\/pages\/1194\/revisions"}],"predecessor-version":[{"id":2969,"href":"https:\/\/www.upc.edu\/cau\/blog\/index.php?rest_route=\/wp\/v2\/pages\/1194\/revisions\/2969"}],"wp:attachment":[{"href":"https:\/\/www.upc.edu\/cau\/blog\/index.php?rest_route=%2Fwp%2Fv2%2Fmedia&parent=1194"}],"curies":[{"name":"wp","href":"https:\/\/api.w.org\/{rel}","templated":true}]}}