{"id":1296,"date":"2015-10-27T11:31:49","date_gmt":"2015-10-27T09:31:49","guid":{"rendered":"http:\/\/www.upc.edu\/cau\/blog\/?page_id=1296"},"modified":"2015-11-04T19:57:03","modified_gmt":"2015-11-04T17:57:03","slug":"infoscau-2","status":"publish","type":"page","link":"https:\/\/www.upc.edu\/cau\/blog\/?page_id=1296","title":{"rendered":"InfosCAU"},"content":{"rendered":"<p>Peri\u00f2dicament us anirem informant de manera breu d&#8217;aquells temes que estem treballant, negociacions, i not\u00edcies internes del PAS-UPC i del CAU-UPC.<\/p>\n<p>El treball cr\u00edtic i reivindicatiu del CAU resumit als fulls InfoCAU!<\/p>\n","protected":false},"excerpt":{"rendered":"<p>Peri\u00f2dicament us anirem informant de manera breu d&#8217;aquells temes que estem treballant, negociacions, i not\u00edcies internes del PAS-UPC i del CAU-UPC. El treball cr\u00edtic i reivindicatiu del CAU resumit als fulls InfoCAU!<\/p>\n","protected":false},"author":5,"featured_media":0,"parent":0,"menu_order":2,"comment_status":"closed","ping_status":"closed","template":"","meta":{"_s2mail":""},"_links":{"self":[{"href":"https:\/\/www.upc.edu\/cau\/blog\/index.php?rest_route=\/wp\/v2\/pages\/1296"}],"collection":[{"href":"https:\/\/www.upc.edu\/cau\/blog\/index.php?rest_route=\/wp\/v2\/pages"}],"about":[{"href":"https:\/\/www.upc.edu\/cau\/blog\/index.php?rest_route=\/wp\/v2\/types\/page"}],"author":[{"embeddable":true,"href":"https:\/\/www.upc.edu\/cau\/blog\/index.php?rest_route=\/wp\/v2\/users\/5"}],"replies":[{"embeddable":true,"href":"https:\/\/www.upc.edu\/cau\/blog\/index.php?rest_route=%2Fwp%2Fv2%2Fcomments&post=1296"}],"version-history":[{"count":4,"href":"https:\/\/www.upc.edu\/cau\/blog\/index.php?rest_route=\/wp\/v2\/pages\/1296\/revisions"}],"predecessor-version":[{"id":1303,"href":"https:\/\/www.upc.edu\/cau\/blog\/index.php?rest_route=\/wp\/v2\/pages\/1296\/revisions\/1303"}],"wp:attachment":[{"href":"https:\/\/www.upc.edu\/cau\/blog\/index.php?rest_route=%2Fwp%2Fv2%2Fmedia&parent=1296"}],"curies":[{"name":"wp","href":"https:\/\/api.w.org\/{rel}","templated":true}]}}