{"id":1763,"date":"2017-03-27T19:21:10","date_gmt":"2017-03-27T17:21:10","guid":{"rendered":"http:\/\/www.upc.edu\/cau\/blog\/?page_id=1763"},"modified":"2017-03-27T19:30:48","modified_gmt":"2017-03-27T17:30:48","slug":"proposta-dacord-per-vestuari-del-pasl-marc-2017","status":"publish","type":"page","link":"https:\/\/www.upc.edu\/cau\/blog\/?page_id=1763","title":{"rendered":"Proposta d&#8217;acord per vestuari del PASL (mar\u00e7-2017)"},"content":{"rendered":"<p>Companys i companyes,<\/p>\n<p>Aquest mes de mar\u00e7 el PASL qui t\u00e9 dret a cobrar la roba de treball, segons l\u2019acord de vestuari i roba de treball de l\u2019any 1993 i que vam recuperar de les retallades mitjan\u00e7ant una demanda, no ho cobrar\u00e0, perqu\u00e8 el CEPASL est\u00e0 negociant amb la ger\u00e8ncia un nou acord. Ja us vam avan\u00e7ar que el CAU proposaria negociar un altre acord de roba perqu\u00e8 el que tenim est\u00e0 obsolet i deixa alguns col\u00b7lectius sense la roba de treball que marca el Conveni.<\/p>\n<p>La proposta que us adjuntem \u00e9s la que vam proposar al CEPASL, que va aprovar i que es va presentar a la ger\u00e8ncia el dia 14 de mar\u00e7. Com podeu veure \u00e9s una proposta que afecta tot el PASL, el fer-ho per grups simplifica els problemes d\u2019afectaci\u00f3 i com a element nou hi ha la roba t\u00e8cnica perqu\u00e8 cap treballador\/treballadora es quedi sense la pe\u00e7a de roba que necessiti. Els EPI\u2019s no estan dins d\u2019aquest acord.<\/p>\n<p>Entenem que estem en una negociaci\u00f3 i que la ger\u00e8ncia la intentar\u00e0 retallar, per\u00f2 \u00e9s una bona oportunitat per la ger\u00e8ncia de demostrar el canvi en la seva pol\u00edtica vers el PASL.<\/p>\n<p>Barcelona, 27 de mar\u00e7 de 2017<\/p>\n<p>Llegeix el text de la proposta d&#8217;acord : [<a href=\"http:\/\/www.upc.edu\/cau\/blog\/wp-content\/uploads\/2017\/03\/PropostaAcord-roba-treball-CEPASL.pdf\" target=\"_blank\">Proposta Acord roba treball CEPASL<\/a>]<\/p>\n","protected":false},"excerpt":{"rendered":"<p>Companys i companyes, Aquest mes de mar\u00e7 el PASL qui t\u00e9 dret a cobrar la roba de treball, segons l\u2019acord de vestuari i roba de treball de l\u2019any 1993 i que vam recuperar de les retallades mitjan\u00e7ant una demanda, no ho cobrar\u00e0, perqu\u00e8 el CEPASL est\u00e0 negociant amb la ger\u00e8ncia un nou acord. Ja us [&hellip;]<\/p>\n","protected":false},"author":5,"featured_media":0,"parent":969,"menu_order":5,"comment_status":"closed","ping_status":"closed","template":"","meta":{"_s2mail":""},"_links":{"self":[{"href":"https:\/\/www.upc.edu\/cau\/blog\/index.php?rest_route=\/wp\/v2\/pages\/1763"}],"collection":[{"href":"https:\/\/www.upc.edu\/cau\/blog\/index.php?rest_route=\/wp\/v2\/pages"}],"about":[{"href":"https:\/\/www.upc.edu\/cau\/blog\/index.php?rest_route=\/wp\/v2\/types\/page"}],"author":[{"embeddable":true,"href":"https:\/\/www.upc.edu\/cau\/blog\/index.php?rest_route=\/wp\/v2\/users\/5"}],"replies":[{"embeddable":true,"href":"https:\/\/www.upc.edu\/cau\/blog\/index.php?rest_route=%2Fwp%2Fv2%2Fcomments&post=1763"}],"version-history":[{"count":3,"href":"https:\/\/www.upc.edu\/cau\/blog\/index.php?rest_route=\/wp\/v2\/pages\/1763\/revisions"}],"predecessor-version":[{"id":1767,"href":"https:\/\/www.upc.edu\/cau\/blog\/index.php?rest_route=\/wp\/v2\/pages\/1763\/revisions\/1767"}],"up":[{"embeddable":true,"href":"https:\/\/www.upc.edu\/cau\/blog\/index.php?rest_route=\/wp\/v2\/pages\/969"}],"wp:attachment":[{"href":"https:\/\/www.upc.edu\/cau\/blog\/index.php?rest_route=%2Fwp%2Fv2%2Fmedia&parent=1763"}],"curies":[{"name":"wp","href":"https:\/\/api.w.org\/{rel}","templated":true}]}}