{"id":2095,"date":"2018-02-21T01:02:34","date_gmt":"2018-02-20T23:02:34","guid":{"rendered":"https:\/\/www.upc.edu\/cau\/blog\/?page_id=2095"},"modified":"2018-02-21T01:31:21","modified_gmt":"2018-02-20T23:31:21","slug":"gerent-ratificat-i-comissio-mixta","status":"publish","type":"page","link":"https:\/\/www.upc.edu\/cau\/blog\/?page_id=2095","title":{"rendered":"GERENT PROPOSAT i COMISSI\u00d3 MIXTA"},"content":{"rendered":"<p style=\"text-align: right;\">Nota informativa 20\/02\/2018.<\/p>\n<p>Benvolgudes\/ts companyes\/s<\/p>\n<p>Aquest dimarts 20 de febrer hem assistit a una reuni\u00f3 a la qual el Rector havia convocat els sindicats CAU, CCOO i UGT, representants del PAS, per informar-nos de la decisi\u00f3 presa sobre el gerent de la UPC.<\/p>\n<p>D\u2019aquesta manera el Rector compleix el que ens va prometre a la seva campanya electoral: que quan hi hagu\u00e9s qualsevol novetat sobre el PAS avisaria i informaria als sindicats.<\/p>\n<p>Els temes tractats a la reuni\u00f3 han estat:<\/p>\n<ol>\n<li>EL Sr. Xavier Mass\u00f3 ser\u00e0 proposat com a gerent de la UPC al proper Consell de Govern.<\/li>\n<li>Es crear\u00e0 una comissi\u00f3 mixta formada pel gerent Xavier Mass\u00f3, la cap de l\u2019\u00c0rea de personal Carla Bragos, en Xavier Roca, el Rector i dos Vicerectors. Aquesta comissi\u00f3 avaluar\u00e0 i decidir\u00e0 sobre els acords als quals arribi el gerent. Encara que el gerent tindr\u00e0 totes les funcions corresponents al seu c\u00e0rrec, els acords finals passaran a la comissi\u00f3. \u00c9s una altra manera de fer proposada pel Rector, de moment tenim els nostres dubtes, haurem d\u2019observar l\u2019efic\u00e0cia o no de la comissi\u00f3.<\/li>\n<li>Al proper Claustre del mes de maig el Rector presentar\u00e0 un pla d\u2019actuaci\u00f3 amb propostes i calendari.<\/li>\n<\/ol>\n<p>Per part dels sindicats l\u2019hem plantejat algunes de les nostres inquietuds, com ara la manca de plantilla, l\u2019estabilitzaci\u00f3 dels temporals, les UTGs, la venda d\u2019edificis\/patrimoni, la recuperaci\u00f3 dels drets socials perduts i la reforma hor\u00e0ria, etc.\u00a0 Ens ha escoltat i ha recollit els temes sense donar resposta concreta, ens ha dit que encara estan preparant el pla d\u2019actuaci\u00f3 i que necessita temps per fer-ho.<\/p>\n<p>Des del CAU restem frisosos a l\u2019espera del pla d\u2019actuaci\u00f3, esperem que arribi el m\u00e9s aviat possible i que resolgui al m\u00e0xim les inquietuds i els problemes del PAS.<\/p>\n<p>Tamb\u00e9 tenim dubtes del fet que una comissi\u00f3 supervisi i controli la feina i\/o els acords als quals arribi el gerent. Podria representar un impediment en la tasca dels representants dels treballadors en la defensa dels seus interessos:<\/p>\n<ul>\n<li>No ser\u00e0 burocratitzar una feina ja feta i acabada?<\/li>\n<li>Si arribem a un acord amb el gerent, la comissi\u00f3 el podr\u00e0 tirar enrere?<\/li>\n<li>Si el gerent no vol tractar un tema amb la part social, aquest arribar\u00e0 a la comissi\u00f3? Els representants dels treballadors tindrem acc\u00e9s a la comissi\u00f3 o nom\u00e9s el gerent?<\/li>\n<li>Si en un tema no s\u2019arriba a cap acord (com va passar amb la formaci\u00f3 del PAS amb l\u2019anterior gerent), aquest problema arribar\u00e0 a la comissi\u00f3 i al Rector?<\/li>\n<\/ul>\n<p>Confiem que la comissi\u00f3 no sigui una burocratitzaci\u00f3 que alenteixi la feina, ni una barrera en qualsevol de les dues direccions. Senyors Rector i gerent prenguin nota, si us plau, perqu\u00e8 entre tots fem m\u00e9s \u00e0gil i resolutiva la feina del PAS i els seus representants. Desitgem que aquesta comissi\u00f3 no pugui ser un problema en lloc d\u2019una soluci\u00f3.<\/p>\n<p>El CAU far\u00e0 un seguiment d\u2019aquestes feines i de la comissi\u00f3 mixta, i treballar\u00e0 perqu\u00e8 sigui com sigui, les inquietuds i problemes del PAS tinguin la millor soluci\u00f3 possible per recuperar els drets socials i laborals perduts.<\/p>\n","protected":false},"excerpt":{"rendered":"<p>Nota informativa 20\/02\/2018. Benvolgudes\/ts companyes\/s Aquest dimarts 20 de febrer hem assistit a una reuni\u00f3 a la qual el Rector havia convocat els sindicats CAU, CCOO i UGT, representants del PAS, per informar-nos de la decisi\u00f3 presa sobre el gerent de la UPC. D\u2019aquesta manera el Rector compleix el que ens va prometre a la [&hellip;]<\/p>\n","protected":false},"author":5,"featured_media":0,"parent":969,"menu_order":11,"comment_status":"closed","ping_status":"closed","template":"","meta":{"_s2mail":""},"_links":{"self":[{"href":"https:\/\/www.upc.edu\/cau\/blog\/index.php?rest_route=\/wp\/v2\/pages\/2095"}],"collection":[{"href":"https:\/\/www.upc.edu\/cau\/blog\/index.php?rest_route=\/wp\/v2\/pages"}],"about":[{"href":"https:\/\/www.upc.edu\/cau\/blog\/index.php?rest_route=\/wp\/v2\/types\/page"}],"author":[{"embeddable":true,"href":"https:\/\/www.upc.edu\/cau\/blog\/index.php?rest_route=\/wp\/v2\/users\/5"}],"replies":[{"embeddable":true,"href":"https:\/\/www.upc.edu\/cau\/blog\/index.php?rest_route=%2Fwp%2Fv2%2Fcomments&post=2095"}],"version-history":[{"count":3,"href":"https:\/\/www.upc.edu\/cau\/blog\/index.php?rest_route=\/wp\/v2\/pages\/2095\/revisions"}],"predecessor-version":[{"id":2100,"href":"https:\/\/www.upc.edu\/cau\/blog\/index.php?rest_route=\/wp\/v2\/pages\/2095\/revisions\/2100"}],"up":[{"embeddable":true,"href":"https:\/\/www.upc.edu\/cau\/blog\/index.php?rest_route=\/wp\/v2\/pages\/969"}],"wp:attachment":[{"href":"https:\/\/www.upc.edu\/cau\/blog\/index.php?rest_route=%2Fwp%2Fv2%2Fmedia&parent=2095"}],"curies":[{"name":"wp","href":"https:\/\/api.w.org\/{rel}","templated":true}]}}